{"id":189,"date":"2024-07-29T14:15:50","date_gmt":"2024-07-29T12:15:50","guid":{"rendered":"https:\/\/www.tvojeoci.cz\/?post_type=product&#038;p=189"},"modified":"2025-09-29T14:03:38","modified_gmt":"2025-09-29T12:03:38","slug":"parova-fotografie-duhovek","status":"publish","type":"product","link":"https:\/\/www.tvojeoci.cz\/?product=parova-fotografie-duhovek","title":{"rendered":"P\u00e1rov\u00e1 fotografie duhovek"},"content":{"rendered":"<p>Fotografie duhovky jsou trendem v Pa\u0159\u00ed\u017ei, Lond\u00fdn\u011b, Berl\u00edn\u011b, New Yorku a p\u0159ich\u00e1z\u00ed i do \u010ceska. <strong>Origin\u00e1ln\u00ed fotky jsou kr\u00e1sn\u00fdm d\u00e1rkem<\/strong>, hodit se v\u00e1m budou i jako\u00a0<strong>netradi\u010dn\u00ed dekorace<\/strong>. Nechte si dle preferenc\u00ed ud\u011blat p\u00e1rovou \u010di rodinnou fotku nebo vyfotit jen vlastn\u00ed duhovku. Fotografie je vhodn\u00e1 pro velkoform\u00e1tov\u00fd tisk ve velikosti a\u017e 80 \u00d7 80 cm (tisk nen\u00ed v cen\u011b).<\/p>\n<p><em>&#8222;To nejlep\u0161\u00ed na fotografi\u00edch duhovek je, \u017ee ka\u017ed\u00e1 chyba \u010di anom\u00e1lie je t\u00edm, co d\u011bl\u00e1 duhovku jedine\u010dnou a kr\u00e1snou,&#8220;<\/em> vysv\u011btluje fotograf Anton\u00edn Ferdan ze studia Tvoje o\u010di, kde se budete fotit.<\/p>\n<p>B\u011bhem\u00a0<strong>15 a\u017e 45 minut focen\u00ed<\/strong>\u00a0fotograf zachyt\u00ed ty nejpodstatn\u011bj\u0161\u00ed rysy va\u0161\u00ed duhovky.\u00a0<strong>Nen\u00ed pot\u0159eba l\u00ed\u010den\u00ed, speci\u00e1ln\u00ed od\u011bv, nic.<\/strong>\u00a0Sta\u010d\u00ed jen p\u0159ij\u00edt a m\u00edt o\u010di otev\u0159en\u00e9 (aspo\u0148 chvilkami). Pak u\u017e jen usly\u0161\u00edte cvak\u00e1n\u00ed spou\u0161ti a zaost\u0159ov\u00e1n\u00ed fo\u0165\u00e1ku, zat\u00edmco fotograf bude hledat nejlep\u0161\u00ed sv\u011btlo pro\u00a0<strong>co nejrealisti\u010dt\u011bj\u0161\u00ed v\u00fdsledek<\/strong>.<\/p>\n","protected":false},"excerpt":{"rendered":"<p><strong>P\u00e1rov\u00e1 fotografie duhovek<\/strong><\/p>\n<ul>\n<li>Focen\u00ed pro dv\u011b osoby<\/li>\n<li>Sou\u010d\u00e1st\u00ed jsou fotografie ka\u017ed\u00e9ho zvl\u00e1\u0161\u0165 + kombinace dle barevnosti o\u010d\u00ed a p\u0159\u00e1n\u00ed z\u00e1kazn\u00edka<\/li>\n<li>Upraven\u00e1 fotografie ur\u010den\u00e1 pro velkoform\u00e1tov\u00fd tisk, a to a\u017e do velikosti 80 x 80 cm<\/li>\n<\/ul>\n","protected":false},"featured_media":183,"comment_status":"closed","ping_status":"closed","template":"","meta":[],"product_brand":[],"product_cat":[17],"product_tag":[],"class_list":{"0":"post-189","1":"product","2":"type-product","3":"status-publish","4":"has-post-thumbnail","6":"product_cat-duhovka","7":"pif-has-gallery","9":"first","10":"instock","11":"shipping-taxable","12":"purchasable","13":"product-type-variable","14":"add-to-wishlist-after_add_to_cart"},"yoast_head":"<!-- This site is optimized with the Yoast SEO plugin v25.0 - https:\/\/yoast.com\/wordpress\/plugins\/seo\/ -->\n<title>P\u00e1rov\u00e1 fotografie duhovek - Tvoje o\u010di<\/title>\n<meta name=\"description\" content=\"P\u00e1rov\u00e1 fotografie duhovekFocen\u00ed pro dv\u011b osobySou\u010d\u00e1st\u00ed jsou fotografie ka\u017ed\u00e9ho zvl\u00e1\u0161\u0165 + kombinace dle barevnosti o\u010d\u00ed a p\u0159\u00e1n\u00ed z\u00e1kazn\u00edkaUpraven\u00e1 fotografie ur\u010den\u00e1 pro velkoform\u00e1tov\u00fd tisk, a to a\u017e do velikosti 100 x 100 cm\" \/>\n<meta name=\"robots\" content=\"index, follow, max-snippet:-1, max-image-preview:large, max-video-preview:-1\" \/>\n<link rel=\"canonical\" href=\"https:\/\/www.tvojeoci.cz\/?product=parova-fotografie-duhovek\" \/>\n<meta property=\"og:locale\" content=\"cs_CZ\" \/>\n<meta property=\"og:type\" content=\"article\" \/>\n<meta property=\"og:title\" content=\"P\u00e1rov\u00e1 fotografie duhovek - Tvoje o\u010di\" \/>\n<meta property=\"og:description\" content=\"P\u00e1rov\u00e1 fotografie duhovekFocen\u00ed pro dv\u011b osobySou\u010d\u00e1st\u00ed jsou fotografie ka\u017ed\u00e9ho zvl\u00e1\u0161\u0165 + kombinace dle barevnosti o\u010d\u00ed a p\u0159\u00e1n\u00ed z\u00e1kazn\u00edkaUpraven\u00e1 fotografie ur\u010den\u00e1 pro velkoform\u00e1tov\u00fd tisk, a to a\u017e do velikosti 100 x 100 cm\" \/>\n<meta property=\"og:url\" content=\"https:\/\/www.tvojeoci.cz\/?product=parova-fotografie-duhovek\" \/>\n<meta property=\"og:site_name\" content=\"Tvoje o\u010di\" \/>\n<meta property=\"article:publisher\" content=\"https:\/\/www.facebook.com\/MadebyAnt\/\" \/>\n<meta property=\"article:modified_time\" content=\"2025-09-29T12:03:38+00:00\" \/>\n<meta property=\"og:image\" content=\"https:\/\/www.tvojeoci.cz\/wp-content\/uploads\/2024\/07\/Vedle-scaled.jpg\" \/>\n\t<meta property=\"og:image:width\" content=\"2560\" \/>\n\t<meta property=\"og:image:height\" content=\"2560\" \/>\n\t<meta property=\"og:image:type\" content=\"image\/jpeg\" \/>\n<meta name=\"twitter:card\" content=\"summary_large_image\" \/>\n<meta name=\"twitter:label1\" content=\"Odhadovan\u00e1 doba \u010dten\u00ed\" \/>\n\t<meta name=\"twitter:data1\" content=\"1 minuta\" \/>\n<script type=\"application\/ld+json\" class=\"yoast-schema-graph\">{\"@context\":\"https:\/\/schema.org\",\"@graph\":[{\"@type\":\"WebPage\",\"@id\":\"https:\/\/www.tvojeoci.cz\/?product=parova-fotografie-duhovek\",\"url\":\"https:\/\/www.tvojeoci.cz\/?product=parova-fotografie-duhovek\",\"name\":\"P\u00e1rov\u00e1 fotografie duhovek - Tvoje o\u010di\",\"isPartOf\":{\"@id\":\"https:\/\/www.tvojeoci.cz\/#website\"},\"primaryImageOfPage\":{\"@id\":\"https:\/\/www.tvojeoci.cz\/?product=parova-fotografie-duhovek#primaryimage\"},\"image\":{\"@id\":\"https:\/\/www.tvojeoci.cz\/?product=parova-fotografie-duhovek#primaryimage\"},\"thumbnailUrl\":\"https:\/\/www.tvojeoci.cz\/wp-content\/uploads\/2024\/07\/Vedle-scaled.jpg\",\"datePublished\":\"2024-07-29T12:15:50+00:00\",\"dateModified\":\"2025-09-29T12:03:38+00:00\",\"description\":\"P\u00e1rov\u00e1 fotografie duhovekFocen\u00ed pro dv\u011b osobySou\u010d\u00e1st\u00ed jsou fotografie ka\u017ed\u00e9ho zvl\u00e1\u0161\u0165 + kombinace dle barevnosti o\u010d\u00ed a p\u0159\u00e1n\u00ed z\u00e1kazn\u00edkaUpraven\u00e1 fotografie ur\u010den\u00e1 pro velkoform\u00e1tov\u00fd tisk, a to a\u017e do velikosti 100 x 100 cm\",\"breadcrumb\":{\"@id\":\"https:\/\/www.tvojeoci.cz\/?product=parova-fotografie-duhovek#breadcrumb\"},\"inLanguage\":\"cs\",\"potentialAction\":[{\"@type\":\"ReadAction\",\"target\":[\"https:\/\/www.tvojeoci.cz\/?product=parova-fotografie-duhovek\"]}]},{\"@type\":\"ImageObject\",\"inLanguage\":\"cs\",\"@id\":\"https:\/\/www.tvojeoci.cz\/?product=parova-fotografie-duhovek#primaryimage\",\"url\":\"https:\/\/www.tvojeoci.cz\/wp-content\/uploads\/2024\/07\/Vedle-scaled.jpg\",\"contentUrl\":\"https:\/\/www.tvojeoci.cz\/wp-content\/uploads\/2024\/07\/Vedle-scaled.jpg\",\"width\":2560,\"height\":2560},{\"@type\":\"BreadcrumbList\",\"@id\":\"https:\/\/www.tvojeoci.cz\/?product=parova-fotografie-duhovek#breadcrumb\",\"itemListElement\":[{\"@type\":\"ListItem\",\"position\":1,\"name\":\"Dom\u016f\",\"item\":\"https:\/\/www.tvojeoci.cz\/\"},{\"@type\":\"ListItem\",\"position\":2,\"name\":\"Obchod\",\"item\":\"https:\/\/www.tvojeoci.cz\/?page_id=12\"},{\"@type\":\"ListItem\",\"position\":3,\"name\":\"P\u00e1rov\u00e1 fotografie duhovek\"}]},{\"@type\":\"WebSite\",\"@id\":\"https:\/\/www.tvojeoci.cz\/#website\",\"url\":\"https:\/\/www.tvojeoci.cz\/\",\"name\":\"Tvoje o\u010di\",\"description\":\"Zaost\u0159eno na kr\u00e1su.\",\"publisher\":{\"@id\":\"https:\/\/www.tvojeoci.cz\/#organization\"},\"potentialAction\":[{\"@type\":\"SearchAction\",\"target\":{\"@type\":\"EntryPoint\",\"urlTemplate\":\"https:\/\/www.tvojeoci.cz\/?s={search_term_string}\"},\"query-input\":{\"@type\":\"PropertyValueSpecification\",\"valueRequired\":true,\"valueName\":\"search_term_string\"}}],\"inLanguage\":\"cs\"},{\"@type\":\"Organization\",\"@id\":\"https:\/\/www.tvojeoci.cz\/#organization\",\"name\":\"Tvoje o\u010di\",\"url\":\"https:\/\/www.tvojeoci.cz\/\",\"logo\":{\"@type\":\"ImageObject\",\"inLanguage\":\"cs\",\"@id\":\"https:\/\/www.tvojeoci.cz\/#\/schema\/logo\/image\/\",\"url\":\"https:\/\/www.tvojeoci.cz\/wp-content\/uploads\/2024\/07\/cropped-af_logo2.png\",\"contentUrl\":\"https:\/\/www.tvojeoci.cz\/wp-content\/uploads\/2024\/07\/cropped-af_logo2.png\",\"width\":500,\"height\":500,\"caption\":\"Tvoje o\u010di\"},\"image\":{\"@id\":\"https:\/\/www.tvojeoci.cz\/#\/schema\/logo\/image\/\"},\"sameAs\":[\"https:\/\/www.facebook.com\/MadebyAnt\/\"]}]}<\/script>\n<!-- \/ Yoast SEO plugin. -->","yoast_head_json":{"title":"P\u00e1rov\u00e1 fotografie duhovek - Tvoje o\u010di","description":"P\u00e1rov\u00e1 fotografie duhovekFocen\u00ed pro dv\u011b osobySou\u010d\u00e1st\u00ed jsou fotografie ka\u017ed\u00e9ho zvl\u00e1\u0161\u0165 + kombinace dle barevnosti o\u010d\u00ed a p\u0159\u00e1n\u00ed z\u00e1kazn\u00edkaUpraven\u00e1 fotografie ur\u010den\u00e1 pro velkoform\u00e1tov\u00fd tisk, a to a\u017e do velikosti 100 x 100 cm","robots":{"index":"index","follow":"follow","max-snippet":"max-snippet:-1","max-image-preview":"max-image-preview:large","max-video-preview":"max-video-preview:-1"},"canonical":"https:\/\/www.tvojeoci.cz\/?product=parova-fotografie-duhovek","og_locale":"cs_CZ","og_type":"article","og_title":"P\u00e1rov\u00e1 fotografie duhovek - Tvoje o\u010di","og_description":"P\u00e1rov\u00e1 fotografie duhovekFocen\u00ed pro dv\u011b osobySou\u010d\u00e1st\u00ed jsou fotografie ka\u017ed\u00e9ho zvl\u00e1\u0161\u0165 + kombinace dle barevnosti o\u010d\u00ed a p\u0159\u00e1n\u00ed z\u00e1kazn\u00edkaUpraven\u00e1 fotografie ur\u010den\u00e1 pro velkoform\u00e1tov\u00fd tisk, a to a\u017e do velikosti 100 x 100 cm","og_url":"https:\/\/www.tvojeoci.cz\/?product=parova-fotografie-duhovek","og_site_name":"Tvoje o\u010di","article_publisher":"https:\/\/www.facebook.com\/MadebyAnt\/","article_modified_time":"2025-09-29T12:03:38+00:00","og_image":[{"width":2560,"height":2560,"url":"https:\/\/www.tvojeoci.cz\/wp-content\/uploads\/2024\/07\/Vedle-scaled.jpg","type":"image\/jpeg"}],"twitter_card":"summary_large_image","twitter_misc":{"Odhadovan\u00e1 doba \u010dten\u00ed":"1 minuta"},"schema":{"@context":"https:\/\/schema.org","@graph":[{"@type":"WebPage","@id":"https:\/\/www.tvojeoci.cz\/?product=parova-fotografie-duhovek","url":"https:\/\/www.tvojeoci.cz\/?product=parova-fotografie-duhovek","name":"P\u00e1rov\u00e1 fotografie duhovek - Tvoje o\u010di","isPartOf":{"@id":"https:\/\/www.tvojeoci.cz\/#website"},"primaryImageOfPage":{"@id":"https:\/\/www.tvojeoci.cz\/?product=parova-fotografie-duhovek#primaryimage"},"image":{"@id":"https:\/\/www.tvojeoci.cz\/?product=parova-fotografie-duhovek#primaryimage"},"thumbnailUrl":"https:\/\/www.tvojeoci.cz\/wp-content\/uploads\/2024\/07\/Vedle-scaled.jpg","datePublished":"2024-07-29T12:15:50+00:00","dateModified":"2025-09-29T12:03:38+00:00","description":"P\u00e1rov\u00e1 fotografie duhovekFocen\u00ed pro dv\u011b osobySou\u010d\u00e1st\u00ed jsou fotografie ka\u017ed\u00e9ho zvl\u00e1\u0161\u0165 + kombinace dle barevnosti o\u010d\u00ed a p\u0159\u00e1n\u00ed z\u00e1kazn\u00edkaUpraven\u00e1 fotografie ur\u010den\u00e1 pro velkoform\u00e1tov\u00fd tisk, a to a\u017e do velikosti 100 x 100 cm","breadcrumb":{"@id":"https:\/\/www.tvojeoci.cz\/?product=parova-fotografie-duhovek#breadcrumb"},"inLanguage":"cs","potentialAction":[{"@type":"ReadAction","target":["https:\/\/www.tvojeoci.cz\/?product=parova-fotografie-duhovek"]}]},{"@type":"ImageObject","inLanguage":"cs","@id":"https:\/\/www.tvojeoci.cz\/?product=parova-fotografie-duhovek#primaryimage","url":"https:\/\/www.tvojeoci.cz\/wp-content\/uploads\/2024\/07\/Vedle-scaled.jpg","contentUrl":"https:\/\/www.tvojeoci.cz\/wp-content\/uploads\/2024\/07\/Vedle-scaled.jpg","width":2560,"height":2560},{"@type":"BreadcrumbList","@id":"https:\/\/www.tvojeoci.cz\/?product=parova-fotografie-duhovek#breadcrumb","itemListElement":[{"@type":"ListItem","position":1,"name":"Dom\u016f","item":"https:\/\/www.tvojeoci.cz\/"},{"@type":"ListItem","position":2,"name":"Obchod","item":"https:\/\/www.tvojeoci.cz\/?page_id=12"},{"@type":"ListItem","position":3,"name":"P\u00e1rov\u00e1 fotografie duhovek"}]},{"@type":"WebSite","@id":"https:\/\/www.tvojeoci.cz\/#website","url":"https:\/\/www.tvojeoci.cz\/","name":"Tvoje o\u010di","description":"Zaost\u0159eno na kr\u00e1su.","publisher":{"@id":"https:\/\/www.tvojeoci.cz\/#organization"},"potentialAction":[{"@type":"SearchAction","target":{"@type":"EntryPoint","urlTemplate":"https:\/\/www.tvojeoci.cz\/?s={search_term_string}"},"query-input":{"@type":"PropertyValueSpecification","valueRequired":true,"valueName":"search_term_string"}}],"inLanguage":"cs"},{"@type":"Organization","@id":"https:\/\/www.tvojeoci.cz\/#organization","name":"Tvoje o\u010di","url":"https:\/\/www.tvojeoci.cz\/","logo":{"@type":"ImageObject","inLanguage":"cs","@id":"https:\/\/www.tvojeoci.cz\/#\/schema\/logo\/image\/","url":"https:\/\/www.tvojeoci.cz\/wp-content\/uploads\/2024\/07\/cropped-af_logo2.png","contentUrl":"https:\/\/www.tvojeoci.cz\/wp-content\/uploads\/2024\/07\/cropped-af_logo2.png","width":500,"height":500,"caption":"Tvoje o\u010di"},"image":{"@id":"https:\/\/www.tvojeoci.cz\/#\/schema\/logo\/image\/"},"sameAs":["https:\/\/www.facebook.com\/MadebyAnt\/"]}]}},"jetpack_sharing_enabled":true,"_links":{"self":[{"href":"https:\/\/www.tvojeoci.cz\/index.php?rest_route=\/wp\/v2\/product\/189","targetHints":{"allow":["GET"]}}],"collection":[{"href":"https:\/\/www.tvojeoci.cz\/index.php?rest_route=\/wp\/v2\/product"}],"about":[{"href":"https:\/\/www.tvojeoci.cz\/index.php?rest_route=\/wp\/v2\/types\/product"}],"replies":[{"embeddable":true,"href":"https:\/\/www.tvojeoci.cz\/index.php?rest_route=%2Fwp%2Fv2%2Fcomments&post=189"}],"wp:featuredmedia":[{"embeddable":true,"href":"https:\/\/www.tvojeoci.cz\/index.php?rest_route=\/wp\/v2\/media\/183"}],"wp:attachment":[{"href":"https:\/\/www.tvojeoci.cz\/index.php?rest_route=%2Fwp%2Fv2%2Fmedia&parent=189"}],"wp:term":[{"taxonomy":"product_brand","embeddable":true,"href":"https:\/\/www.tvojeoci.cz\/index.php?rest_route=%2Fwp%2Fv2%2Fproduct_brand&post=189"},{"taxonomy":"product_cat","embeddable":true,"href":"https:\/\/www.tvojeoci.cz\/index.php?rest_route=%2Fwp%2Fv2%2Fproduct_cat&post=189"},{"taxonomy":"product_tag","embeddable":true,"href":"https:\/\/www.tvojeoci.cz\/index.php?rest_route=%2Fwp%2Fv2%2Fproduct_tag&post=189"}],"curies":[{"name":"wp","href":"https:\/\/api.w.org\/{rel}","templated":true}]}}