{"id":13,"date":"2024-07-26T11:40:23","date_gmt":"2024-07-26T09:40:23","guid":{"rendered":"https:\/\/www.tvojeoci.cz\/?page_id=13"},"modified":"2024-07-27T11:54:45","modified_gmt":"2024-07-27T09:54:45","slug":"kosik","status":"publish","type":"page","link":"https:\/\/www.tvojeoci.cz\/?page_id=13","title":{"rendered":"Ko\u0161\u00edk"},"content":{"rendered":"\n<div data-block-name=\"woocommerce\/cart\" class=\"wp-block-woocommerce-cart alignwide is-loading\">\n<div data-block-name=\"woocommerce\/filled-cart-block\" class=\"wp-block-woocommerce-filled-cart-block\">\n<div data-block-name=\"woocommerce\/cart-items-block\" class=\"wp-block-woocommerce-cart-items-block\">\n<div data-block-name=\"woocommerce\/cart-line-items-block\" class=\"wp-block-woocommerce-cart-line-items-block\"><\/div>\n\n\n\n<div data-block-name=\"woocommerce\/cart-cross-sells-block\" class=\"wp-block-woocommerce-cart-cross-sells-block\">\n<h2 class=\"wp-block-heading has-large-font-size\">Mohlo by se Ti l\u00edbit\u2026<\/h2>\n\n\n\n<div data-block-name=\"woocommerce\/cart-cross-sells-products-block\" class=\"wp-block-woocommerce-cart-cross-sells-products-block\"><\/div>\n<\/div>\n<\/div>\n\n\n\n<div data-block-name=\"woocommerce\/cart-totals-block\" class=\"wp-block-woocommerce-cart-totals-block\">\n<div data-block-name=\"woocommerce\/cart-order-summary-block\" class=\"wp-block-woocommerce-cart-order-summary-block\">\n<div data-block-name=\"woocommerce\/cart-order-summary-heading-block\" class=\"wp-block-woocommerce-cart-order-summary-heading-block\"><\/div><div data-block-name=\"woocommerce\/cart-order-summary-coupon-form-block\" class=\"wp-block-woocommerce-cart-order-summary-coupon-form-block\"><\/div><div data-block-name=\"woocommerce\/cart-order-summary-totals-block\" class=\"wp-block-woocommerce-cart-order-summary-totals-block\">\n<div data-block-name=\"woocommerce\/cart-order-summary-subtotal-block\" class=\"wp-block-woocommerce-cart-order-summary-subtotal-block\"><\/div>\n<div data-block-name=\"woocommerce\/cart-order-summary-discount-block\" class=\"wp-block-woocommerce-cart-order-summary-discount-block\"><\/div>\n<div data-block-name=\"woocommerce\/cart-order-summary-fee-block\" class=\"wp-block-woocommerce-cart-order-summary-fee-block\"><\/div>\n<div data-block-name=\"woocommerce\/cart-order-summary-shipping-block\" class=\"wp-block-woocommerce-cart-order-summary-shipping-block\"><\/div>\n<div data-block-name=\"woocommerce\/cart-order-summary-taxes-block\" class=\"wp-block-woocommerce-cart-order-summary-taxes-block\"><\/div><\/div>\n<\/div>\n\n\n\n<div data-block-name=\"woocommerce\/cart-express-payment-block\" class=\"wp-block-woocommerce-cart-express-payment-block\"><\/div>\n\n\n\n<div data-block-name=\"woocommerce\/proceed-to-checkout-block\" class=\"wp-block-woocommerce-proceed-to-checkout-block\"><\/div>\n\n\n\n<div data-block-name=\"woocommerce\/cart-accepted-payment-methods-block\" class=\"wp-block-woocommerce-cart-accepted-payment-methods-block\"><\/div>\n<\/div>\n<\/div>\n\n\n\n<div data-block-name=\"woocommerce\/empty-cart-block\" class=\"wp-block-woocommerce-empty-cart-block\">\n<h2 class=\"wp-block-heading has-text-align-center with-empty-cart-icon wc-block-cart__empty-cart__title\">V\u00e1\u0161 ko\u0161\u00edk je aktu\u00e1ln\u011b pr\u00e1zdn\u00fd!<\/h2>\n\n\n\n<hr class=\"wp-block-separator has-alpha-channel-opacity is-style-dots\"\/>\n\n\n\n<h2 class=\"wp-block-heading has-text-align-center\">Novinka<\/h2>\n\n\n<div data-block-name=\"woocommerce\/product-new\" data-columns=\"4\" data-rows=\"1\" class=\"wc-block-grid wp-block-product-new wp-block-woocommerce-product-new wc-block-product-new has-4-columns\"><ul class=\"wc-block-grid__products\"><li class=\"wc-block-grid__product add-to-wishlist-after_add_to_cart\"><a href=\"https:\/\/www.tvojeoci.cz\/?product=tvojeoci-na-kryt\" class=\"wc-block-grid__product-link\">\n\t\t\t\t\t\n\t\t\t\t\t<div class=\"wc-block-grid__product-image\"><img loading=\"lazy\" decoding=\"async\" width=\"300\" height=\"300\" src=\"https:\/\/www.tvojeoci.cz\/wp-content\/uploads\/2025\/07\/2-300x300.png\" class=\"attachment-woocommerce_thumbnail size-woocommerce_thumbnail\" alt=\"TvojeO\u010di: Na kryt\" srcset=\"https:\/\/www.tvojeoci.cz\/wp-content\/uploads\/2025\/07\/2-300x300.png 300w, https:\/\/www.tvojeoci.cz\/wp-content\/uploads\/2025\/07\/2-1024x1024.png 1024w, https:\/\/www.tvojeoci.cz\/wp-content\/uploads\/2025\/07\/2-150x150.png 150w, https:\/\/www.tvojeoci.cz\/wp-content\/uploads\/2025\/07\/2-768x768.png 768w, https:\/\/www.tvojeoci.cz\/wp-content\/uploads\/2025\/07\/2-1536x1536.png 1536w, https:\/\/www.tvojeoci.cz\/wp-content\/uploads\/2025\/07\/2-600x600.png 600w, https:\/\/www.tvojeoci.cz\/wp-content\/uploads\/2025\/07\/2-100x100.png 100w, https:\/\/www.tvojeoci.cz\/wp-content\/uploads\/2025\/07\/2.png 2000w\" sizes=\"auto, (max-width: 300px) 100vw, 300px\" \/><\/div>\n\t\t\t\t\t<div class=\"wc-block-grid__product-title\">TvojeO\u010di: Na kryt<\/div>\n\t\t\t\t<\/a>\n\t\t\t\t<div class=\"wc-block-grid__product-price price\"><span class=\"woocommerce-Price-amount amount\" aria-hidden=\"true\">1300.00&nbsp;<span class=\"woocommerce-Price-currencySymbol\">&#075;&#269;<\/span><\/span> <span aria-hidden=\"true\">&ndash;<\/span> <span class=\"woocommerce-Price-amount amount\" aria-hidden=\"true\">3400.00&nbsp;<span class=\"woocommerce-Price-currencySymbol\">&#075;&#269;<\/span><\/span><span class=\"screen-reader-text\">Rozp\u011bt\u00ed cen: 1300.00&nbsp;&#075;&#269; a\u017e 3400.00&nbsp;&#075;&#269;<\/span><\/div>\n\t\t\t\t\n\t\t\t\t<div class=\"wp-block-button wc-block-grid__product-add-to-cart\"><a href=\"https:\/\/www.tvojeoci.cz\/?product=tvojeoci-na-kryt\" aria-label=\"Vyberte nastaven\u00ed pro &bdquo;TvojeO\u010di: Na kryt&ldquo;\" data-quantity=\"1\" data-product_id=\"564\" data-product_sku=\"\" data-price=\"1300\" rel=\"nofollow\" class=\"wp-block-button__link  add_to_cart_button\">V\u00fdb\u011br mo\u017enost\u00ed<\/a><\/div>\n\t\t\t\n<div\n\tclass=\"yith-wcwl-add-to-wishlist add-to-wishlist-564 yith-wcwl-add-to-wishlist--link-style wishlist-fragment on-first-load\"\n\tdata-fragment-ref=\"564\"\n\tdata-fragment-options=\"{&quot;base_url&quot;:&quot;&quot;,&quot;product_id&quot;:564,&quot;parent_product_id&quot;:0,&quot;product_type&quot;:&quot;variable&quot;,&quot;is_single&quot;:false,&quot;in_default_wishlist&quot;:false,&quot;show_view&quot;:false,&quot;browse_wishlist_text&quot;:&quot;Proch\\u00e1zet obl\\u00edben\\u00e9&quot;,&quot;already_in_wishslist_text&quot;:&quot;Produkt je ji\\u017e v obl\\u00edben\\u00fdch&quot;,&quot;product_added_text&quot;:&quot;Produkt p\\u0159id\\u00e1n!&quot;,&quot;available_multi_wishlist&quot;:false,&quot;disable_wishlist&quot;:false,&quot;show_count&quot;:false,&quot;ajax_loading&quot;:false,&quot;loop_position&quot;:&quot;after_add_to_cart&quot;,&quot;item&quot;:&quot;add_to_wishlist&quot;}\"\n>\n\t\t\t\n\t\t\t<!-- ADD TO WISHLIST -->\n\t\t\t\n<div class=\"yith-wcwl-add-button\">\n\t\t<a\n\t\thref=\"?add_to_wishlist=564&#038;_wpnonce=6d7e50e0dc\"\n\t\tclass=\"add_to_wishlist single_add_to_wishlist\"\n\t\tdata-product-id=\"564\"\n\t\tdata-product-type=\"variable\"\n\t\tdata-original-product-id=\"0\"\n\t\tdata-title=\"K Obl\u00edben\u00fdm\"\n\t\trel=\"nofollow\"\n\t>\n\t\t<svg id=\"yith-wcwl-icon-heart-outline\" class=\"yith-wcwl-icon-svg\" fill=\"none\" stroke-width=\"1.5\" stroke=\"currentColor\" viewBox=\"0 0 24 24\" xmlns=\"http:\/\/www.w3.org\/2000\/svg\">\n  <path stroke-linecap=\"round\" stroke-linejoin=\"round\" d=\"M21 8.25c0-2.485-2.099-4.5-4.688-4.5-1.935 0-3.597 1.126-4.312 2.733-.715-1.607-2.377-2.733-4.313-2.733C5.1 3.75 3 5.765 3 8.25c0 7.22 9 12 9 12s9-4.78 9-12Z\"><\/path>\n<\/svg>\t\t<span>K Obl\u00edben\u00fdm<\/span>\n\t<\/a>\n<\/div>\n\n\t\t\t<!-- COUNT TEXT -->\n\t\t\t\n\t\t\t<\/div>\n<\/li><li class=\"wc-block-grid__product add-to-wishlist-after_add_to_cart\"><a href=\"https:\/\/www.tvojeoci.cz\/?product=darkovy-poukaz\" class=\"wc-block-grid__product-link\">\n\t\t\t\t\t\n\t\t\t\t\t<div class=\"wc-block-grid__product-image\"><img loading=\"lazy\" decoding=\"async\" width=\"300\" height=\"300\" src=\"https:\/\/www.tvojeoci.cz\/wp-content\/uploads\/2024\/07\/3-300x300.png\" class=\"attachment-woocommerce_thumbnail size-woocommerce_thumbnail\" alt=\"D\u00e1rkov\u00fd poukaz\" srcset=\"https:\/\/www.tvojeoci.cz\/wp-content\/uploads\/2024\/07\/3-300x300.png 300w, https:\/\/www.tvojeoci.cz\/wp-content\/uploads\/2024\/07\/3-100x100.png 100w, https:\/\/www.tvojeoci.cz\/wp-content\/uploads\/2024\/07\/3-600x600.png 600w, https:\/\/www.tvojeoci.cz\/wp-content\/uploads\/2024\/07\/3-1024x1024.png 1024w, https:\/\/www.tvojeoci.cz\/wp-content\/uploads\/2024\/07\/3-150x150.png 150w, https:\/\/www.tvojeoci.cz\/wp-content\/uploads\/2024\/07\/3-768x768.png 768w, https:\/\/www.tvojeoci.cz\/wp-content\/uploads\/2024\/07\/3.png 1080w\" sizes=\"auto, (max-width: 300px) 100vw, 300px\" \/><\/div>\n\t\t\t\t\t<div class=\"wc-block-grid__product-title\">D\u00e1rkov\u00fd poukaz<\/div>\n\t\t\t\t<\/a>\n\t\t\t\t<div class=\"wc-block-grid__product-price price\"><span class=\"woocommerce-Price-amount amount\" aria-hidden=\"true\">949.00&nbsp;<span class=\"woocommerce-Price-currencySymbol\">&#075;&#269;<\/span><\/span> <span aria-hidden=\"true\">&ndash;<\/span> <span class=\"woocommerce-Price-amount amount\" aria-hidden=\"true\">3749.00&nbsp;<span class=\"woocommerce-Price-currencySymbol\">&#075;&#269;<\/span><\/span><span class=\"screen-reader-text\">Rozp\u011bt\u00ed cen: 949.00&nbsp;&#075;&#269; a\u017e 3749.00&nbsp;&#075;&#269;<\/span><\/div>\n\t\t\t\t\n\t\t\t\t<div class=\"wp-block-button wc-block-grid__product-add-to-cart\"><a href=\"https:\/\/www.tvojeoci.cz\/?product=darkovy-poukaz\" aria-label=\"Vyberte nastaven\u00ed pro &bdquo;D\u00e1rkov\u00fd poukaz&ldquo;\" data-quantity=\"1\" data-product_id=\"261\" data-product_sku=\"F00004-1\" data-price=\"949\" rel=\"nofollow\" class=\"wp-block-button__link  add_to_cart_button\">V\u00fdb\u011br mo\u017enost\u00ed<\/a><\/div>\n\t\t\t\n<div\n\tclass=\"yith-wcwl-add-to-wishlist add-to-wishlist-261 yith-wcwl-add-to-wishlist--link-style wishlist-fragment on-first-load\"\n\tdata-fragment-ref=\"261\"\n\tdata-fragment-options=\"{&quot;base_url&quot;:&quot;&quot;,&quot;product_id&quot;:261,&quot;parent_product_id&quot;:0,&quot;product_type&quot;:&quot;variable&quot;,&quot;is_single&quot;:false,&quot;in_default_wishlist&quot;:false,&quot;show_view&quot;:false,&quot;browse_wishlist_text&quot;:&quot;Proch\\u00e1zet obl\\u00edben\\u00e9&quot;,&quot;already_in_wishslist_text&quot;:&quot;Produkt je ji\\u017e v obl\\u00edben\\u00fdch&quot;,&quot;product_added_text&quot;:&quot;Produkt p\\u0159id\\u00e1n!&quot;,&quot;available_multi_wishlist&quot;:false,&quot;disable_wishlist&quot;:false,&quot;show_count&quot;:false,&quot;ajax_loading&quot;:false,&quot;loop_position&quot;:&quot;after_add_to_cart&quot;,&quot;item&quot;:&quot;add_to_wishlist&quot;}\"\n>\n\t\t\t\n\t\t\t<!-- ADD TO WISHLIST -->\n\t\t\t\n<div class=\"yith-wcwl-add-button\">\n\t\t<a\n\t\thref=\"?add_to_wishlist=261&#038;_wpnonce=6d7e50e0dc\"\n\t\tclass=\"add_to_wishlist single_add_to_wishlist\"\n\t\tdata-product-id=\"261\"\n\t\tdata-product-type=\"variable\"\n\t\tdata-original-product-id=\"0\"\n\t\tdata-title=\"K Obl\u00edben\u00fdm\"\n\t\trel=\"nofollow\"\n\t>\n\t\t<svg id=\"yith-wcwl-icon-heart-outline\" class=\"yith-wcwl-icon-svg\" fill=\"none\" stroke-width=\"1.5\" stroke=\"currentColor\" viewBox=\"0 0 24 24\" xmlns=\"http:\/\/www.w3.org\/2000\/svg\">\n  <path stroke-linecap=\"round\" stroke-linejoin=\"round\" d=\"M21 8.25c0-2.485-2.099-4.5-4.688-4.5-1.935 0-3.597 1.126-4.312 2.733-.715-1.607-2.377-2.733-4.313-2.733C5.1 3.75 3 5.765 3 8.25c0 7.22 9 12 9 12s9-4.78 9-12Z\"><\/path>\n<\/svg>\t\t<span>K Obl\u00edben\u00fdm<\/span>\n\t<\/a>\n<\/div>\n\n\t\t\t<!-- COUNT TEXT -->\n\t\t\t\n\t\t\t<\/div>\n<\/li><li class=\"wc-block-grid__product add-to-wishlist-after_add_to_cart\"><a href=\"https:\/\/www.tvojeoci.cz\/?product=foceni-duhovek-pro-3-4-osoby\" class=\"wc-block-grid__product-link\">\n\t\t\t\t\t\n\t\t\t\t\t<div class=\"wc-block-grid__product-image\"><img loading=\"lazy\" decoding=\"async\" width=\"300\" height=\"299\" src=\"https:\/\/www.tvojeoci.cz\/wp-content\/uploads\/2024\/07\/Rodina-300x299.jpg\" class=\"attachment-woocommerce_thumbnail size-woocommerce_thumbnail\" alt=\"Focen\u00ed duhovek pro 3-4 osoby\" srcset=\"https:\/\/www.tvojeoci.cz\/wp-content\/uploads\/2024\/07\/Rodina-300x299.jpg 300w, https:\/\/www.tvojeoci.cz\/wp-content\/uploads\/2024\/07\/Rodina-150x150.jpg 150w, https:\/\/www.tvojeoci.cz\/wp-content\/uploads\/2024\/07\/Rodina-768x765.jpg 768w, https:\/\/www.tvojeoci.cz\/wp-content\/uploads\/2024\/07\/Rodina-600x598.jpg 600w, https:\/\/www.tvojeoci.cz\/wp-content\/uploads\/2024\/07\/Rodina-100x100.jpg 100w, https:\/\/www.tvojeoci.cz\/wp-content\/uploads\/2024\/07\/Rodina.jpg 888w\" sizes=\"auto, (max-width: 300px) 100vw, 300px\" \/><\/div>\n\t\t\t\t\t<div class=\"wc-block-grid__product-title\">Focen\u00ed duhovek pro 3-4 osoby<\/div>\n\t\t\t\t<\/a>\n\t\t\t\t<div class=\"wc-block-grid__product-price price\"><span class=\"woocommerce-Price-amount amount\" aria-hidden=\"true\">2250.00&nbsp;<span class=\"woocommerce-Price-currencySymbol\">&#075;&#269;<\/span><\/span> <span aria-hidden=\"true\">&ndash;<\/span> <span class=\"woocommerce-Price-amount amount\" aria-hidden=\"true\">3950.00&nbsp;<span class=\"woocommerce-Price-currencySymbol\">&#075;&#269;<\/span><\/span><span class=\"screen-reader-text\">Rozp\u011bt\u00ed cen: 2250.00&nbsp;&#075;&#269; a\u017e 3950.00&nbsp;&#075;&#269;<\/span><\/div>\n\t\t\t\t\n\t\t\t\t<div class=\"wp-block-button wc-block-grid__product-add-to-cart\"><a href=\"https:\/\/www.tvojeoci.cz\/?product=foceni-duhovek-pro-3-4-osoby\" aria-label=\"Vyberte nastaven\u00ed pro &bdquo;Focen\u00ed duhovek pro 3-4 osoby&ldquo;\" data-quantity=\"1\" data-product_id=\"190\" data-product_sku=\"F00003\" data-price=\"2250\" rel=\"nofollow\" class=\"wp-block-button__link  add_to_cart_button\">V\u00fdb\u011br mo\u017enost\u00ed<\/a><\/div>\n\t\t\t\n<div\n\tclass=\"yith-wcwl-add-to-wishlist add-to-wishlist-190 yith-wcwl-add-to-wishlist--link-style wishlist-fragment on-first-load\"\n\tdata-fragment-ref=\"190\"\n\tdata-fragment-options=\"{&quot;base_url&quot;:&quot;&quot;,&quot;product_id&quot;:190,&quot;parent_product_id&quot;:0,&quot;product_type&quot;:&quot;variable&quot;,&quot;is_single&quot;:false,&quot;in_default_wishlist&quot;:false,&quot;show_view&quot;:false,&quot;browse_wishlist_text&quot;:&quot;Proch\\u00e1zet obl\\u00edben\\u00e9&quot;,&quot;already_in_wishslist_text&quot;:&quot;Produkt je ji\\u017e v obl\\u00edben\\u00fdch&quot;,&quot;product_added_text&quot;:&quot;Produkt p\\u0159id\\u00e1n!&quot;,&quot;available_multi_wishlist&quot;:false,&quot;disable_wishlist&quot;:false,&quot;show_count&quot;:false,&quot;ajax_loading&quot;:false,&quot;loop_position&quot;:&quot;after_add_to_cart&quot;,&quot;item&quot;:&quot;add_to_wishlist&quot;}\"\n>\n\t\t\t\n\t\t\t<!-- ADD TO WISHLIST -->\n\t\t\t\n<div class=\"yith-wcwl-add-button\">\n\t\t<a\n\t\thref=\"?add_to_wishlist=190&#038;_wpnonce=6d7e50e0dc\"\n\t\tclass=\"add_to_wishlist single_add_to_wishlist\"\n\t\tdata-product-id=\"190\"\n\t\tdata-product-type=\"variable\"\n\t\tdata-original-product-id=\"0\"\n\t\tdata-title=\"K Obl\u00edben\u00fdm\"\n\t\trel=\"nofollow\"\n\t>\n\t\t<svg id=\"yith-wcwl-icon-heart-outline\" class=\"yith-wcwl-icon-svg\" fill=\"none\" stroke-width=\"1.5\" stroke=\"currentColor\" viewBox=\"0 0 24 24\" xmlns=\"http:\/\/www.w3.org\/2000\/svg\">\n  <path stroke-linecap=\"round\" stroke-linejoin=\"round\" d=\"M21 8.25c0-2.485-2.099-4.5-4.688-4.5-1.935 0-3.597 1.126-4.312 2.733-.715-1.607-2.377-2.733-4.313-2.733C5.1 3.75 3 5.765 3 8.25c0 7.22 9 12 9 12s9-4.78 9-12Z\"><\/path>\n<\/svg>\t\t<span>K Obl\u00edben\u00fdm<\/span>\n\t<\/a>\n<\/div>\n\n\t\t\t<!-- COUNT TEXT -->\n\t\t\t\n\t\t\t<\/div>\n<\/li><li class=\"wc-block-grid__product add-to-wishlist-after_add_to_cart\"><a href=\"https:\/\/www.tvojeoci.cz\/?product=parova-fotografie-duhovek\" class=\"wc-block-grid__product-link\">\n\t\t\t\t\t\n\t\t\t\t\t<div class=\"wc-block-grid__product-image\"><img loading=\"lazy\" decoding=\"async\" width=\"300\" height=\"300\" src=\"https:\/\/www.tvojeoci.cz\/wp-content\/uploads\/2024\/07\/Vedle-scaled-300x300.jpg\" class=\"attachment-woocommerce_thumbnail size-woocommerce_thumbnail\" alt=\"P\u00e1rov\u00e1 fotografie duhovek\" srcset=\"https:\/\/www.tvojeoci.cz\/wp-content\/uploads\/2024\/07\/Vedle-300x300.jpg 300w, https:\/\/www.tvojeoci.cz\/wp-content\/uploads\/2024\/07\/Vedle-scaled-100x100.jpg 100w, https:\/\/www.tvojeoci.cz\/wp-content\/uploads\/2024\/07\/Vedle-scaled-600x600.jpg 600w, https:\/\/www.tvojeoci.cz\/wp-content\/uploads\/2024\/07\/Vedle-1024x1024.jpg 1024w, https:\/\/www.tvojeoci.cz\/wp-content\/uploads\/2024\/07\/Vedle-150x150.jpg 150w, https:\/\/www.tvojeoci.cz\/wp-content\/uploads\/2024\/07\/Vedle-768x768.jpg 768w, https:\/\/www.tvojeoci.cz\/wp-content\/uploads\/2024\/07\/Vedle-1536x1536.jpg 1536w, https:\/\/www.tvojeoci.cz\/wp-content\/uploads\/2024\/07\/Vedle-2048x2048.jpg 2048w\" sizes=\"auto, (max-width: 300px) 100vw, 300px\" \/><\/div>\n\t\t\t\t\t<div class=\"wc-block-grid__product-title\">P\u00e1rov\u00e1 fotografie duhovek<\/div>\n\t\t\t\t<\/a>\n\t\t\t\t<div class=\"wc-block-grid__product-price price\"><span class=\"woocommerce-Price-amount amount\" aria-hidden=\"true\">1850.00&nbsp;<span class=\"woocommerce-Price-currencySymbol\">&#075;&#269;<\/span><\/span> <span aria-hidden=\"true\">&ndash;<\/span> <span class=\"woocommerce-Price-amount amount\" aria-hidden=\"true\">2450.00&nbsp;<span class=\"woocommerce-Price-currencySymbol\">&#075;&#269;<\/span><\/span><span class=\"screen-reader-text\">Rozp\u011bt\u00ed cen: 1850.00&nbsp;&#075;&#269; a\u017e 2450.00&nbsp;&#075;&#269;<\/span><\/div>\n\t\t\t\t\n\t\t\t\t<div class=\"wp-block-button wc-block-grid__product-add-to-cart\"><a href=\"https:\/\/www.tvojeoci.cz\/?product=parova-fotografie-duhovek\" aria-label=\"Vyberte nastaven\u00ed pro &bdquo;P\u00e1rov\u00e1 fotografie duhovek&ldquo;\" data-quantity=\"1\" data-product_id=\"189\" data-product_sku=\"F00002\" data-price=\"1850\" rel=\"nofollow\" class=\"wp-block-button__link  add_to_cart_button\">V\u00fdb\u011br mo\u017enost\u00ed<\/a><\/div>\n\t\t\t\n<div\n\tclass=\"yith-wcwl-add-to-wishlist add-to-wishlist-189 yith-wcwl-add-to-wishlist--link-style wishlist-fragment on-first-load\"\n\tdata-fragment-ref=\"189\"\n\tdata-fragment-options=\"{&quot;base_url&quot;:&quot;&quot;,&quot;product_id&quot;:189,&quot;parent_product_id&quot;:0,&quot;product_type&quot;:&quot;variable&quot;,&quot;is_single&quot;:false,&quot;in_default_wishlist&quot;:false,&quot;show_view&quot;:false,&quot;browse_wishlist_text&quot;:&quot;Proch\\u00e1zet obl\\u00edben\\u00e9&quot;,&quot;already_in_wishslist_text&quot;:&quot;Produkt je ji\\u017e v obl\\u00edben\\u00fdch&quot;,&quot;product_added_text&quot;:&quot;Produkt p\\u0159id\\u00e1n!&quot;,&quot;available_multi_wishlist&quot;:false,&quot;disable_wishlist&quot;:false,&quot;show_count&quot;:false,&quot;ajax_loading&quot;:false,&quot;loop_position&quot;:&quot;after_add_to_cart&quot;,&quot;item&quot;:&quot;add_to_wishlist&quot;}\"\n>\n\t\t\t\n\t\t\t<!-- ADD TO WISHLIST -->\n\t\t\t\n<div class=\"yith-wcwl-add-button\">\n\t\t<a\n\t\thref=\"?add_to_wishlist=189&#038;_wpnonce=6d7e50e0dc\"\n\t\tclass=\"add_to_wishlist single_add_to_wishlist\"\n\t\tdata-product-id=\"189\"\n\t\tdata-product-type=\"variable\"\n\t\tdata-original-product-id=\"0\"\n\t\tdata-title=\"K Obl\u00edben\u00fdm\"\n\t\trel=\"nofollow\"\n\t>\n\t\t<svg id=\"yith-wcwl-icon-heart-outline\" class=\"yith-wcwl-icon-svg\" fill=\"none\" stroke-width=\"1.5\" stroke=\"currentColor\" viewBox=\"0 0 24 24\" xmlns=\"http:\/\/www.w3.org\/2000\/svg\">\n  <path stroke-linecap=\"round\" stroke-linejoin=\"round\" d=\"M21 8.25c0-2.485-2.099-4.5-4.688-4.5-1.935 0-3.597 1.126-4.312 2.733-.715-1.607-2.377-2.733-4.313-2.733C5.1 3.75 3 5.765 3 8.25c0 7.22 9 12 9 12s9-4.78 9-12Z\"><\/path>\n<\/svg>\t\t<span>K Obl\u00edben\u00fdm<\/span>\n\t<\/a>\n<\/div>\n\n\t\t\t<!-- COUNT TEXT -->\n\t\t\t\n\t\t\t<\/div>\n<\/li><\/ul><\/div><\/div>\n<\/div>\n","protected":false},"excerpt":{"rendered":"Mohlo by se Ti l\u00edbit\u2026 V\u00e1\u0161 ko\u0161\u00edk je aktu\u00e1ln\u011b pr\u00e1zdn\u00fd! Novinka","protected":false},"author":1,"featured_media":0,"parent":0,"menu_order":0,"comment_status":"closed","ping_status":"closed","template":"","meta":{"footnotes":""},"class_list":["post-13","page","type-page","status-publish","hentry"],"yoast_head":"<!-- This site is optimized with the Yoast SEO plugin v25.0 - https:\/\/yoast.com\/wordpress\/plugins\/seo\/ -->\n<title>Ko\u0161\u00edk - Tvoje o\u010di<\/title>\n<meta name=\"robots\" content=\"index, follow, max-snippet:-1, max-image-preview:large, max-video-preview:-1\" \/>\n<link rel=\"canonical\" href=\"https:\/\/www.tvojeoci.cz\/?page_id=13\" \/>\n<meta property=\"og:locale\" content=\"cs_CZ\" \/>\n<meta property=\"og:type\" content=\"article\" \/>\n<meta property=\"og:title\" content=\"Ko\u0161\u00edk - Tvoje o\u010di\" \/>\n<meta property=\"og:url\" content=\"https:\/\/www.tvojeoci.cz\/?page_id=13\" \/>\n<meta property=\"og:site_name\" content=\"Tvoje o\u010di\" \/>\n<meta property=\"article:publisher\" content=\"https:\/\/www.facebook.com\/MadebyAnt\/\" \/>\n<meta property=\"article:modified_time\" content=\"2024-07-27T09:54:45+00:00\" \/>\n<meta name=\"twitter:card\" content=\"summary_large_image\" \/>\n<script type=\"application\/ld+json\" class=\"yoast-schema-graph\">{\"@context\":\"https:\/\/schema.org\",\"@graph\":[{\"@type\":\"WebPage\",\"@id\":\"https:\/\/www.tvojeoci.cz\/?page_id=13\",\"url\":\"https:\/\/www.tvojeoci.cz\/?page_id=13\",\"name\":\"Ko\u0161\u00edk - Tvoje o\u010di\",\"isPartOf\":{\"@id\":\"https:\/\/www.tvojeoci.cz\/#website\"},\"datePublished\":\"2024-07-26T09:40:23+00:00\",\"dateModified\":\"2024-07-27T09:54:45+00:00\",\"breadcrumb\":{\"@id\":\"https:\/\/www.tvojeoci.cz\/?page_id=13#breadcrumb\"},\"inLanguage\":\"cs\",\"potentialAction\":[{\"@type\":\"ReadAction\",\"target\":[\"https:\/\/www.tvojeoci.cz\/?page_id=13\"]}]},{\"@type\":\"BreadcrumbList\",\"@id\":\"https:\/\/www.tvojeoci.cz\/?page_id=13#breadcrumb\",\"itemListElement\":[{\"@type\":\"ListItem\",\"position\":1,\"name\":\"Dom\u016f\",\"item\":\"https:\/\/www.tvojeoci.cz\/\"},{\"@type\":\"ListItem\",\"position\":2,\"name\":\"Ko\u0161\u00edk\"}]},{\"@type\":\"WebSite\",\"@id\":\"https:\/\/www.tvojeoci.cz\/#website\",\"url\":\"https:\/\/www.tvojeoci.cz\/\",\"name\":\"Tvoje o\u010di\",\"description\":\"Zaost\u0159eno na kr\u00e1su.\",\"publisher\":{\"@id\":\"https:\/\/www.tvojeoci.cz\/#organization\"},\"potentialAction\":[{\"@type\":\"SearchAction\",\"target\":{\"@type\":\"EntryPoint\",\"urlTemplate\":\"https:\/\/www.tvojeoci.cz\/?s={search_term_string}\"},\"query-input\":{\"@type\":\"PropertyValueSpecification\",\"valueRequired\":true,\"valueName\":\"search_term_string\"}}],\"inLanguage\":\"cs\"},{\"@type\":\"Organization\",\"@id\":\"https:\/\/www.tvojeoci.cz\/#organization\",\"name\":\"Tvoje o\u010di\",\"url\":\"https:\/\/www.tvojeoci.cz\/\",\"logo\":{\"@type\":\"ImageObject\",\"inLanguage\":\"cs\",\"@id\":\"https:\/\/www.tvojeoci.cz\/#\/schema\/logo\/image\/\",\"url\":\"https:\/\/www.tvojeoci.cz\/wp-content\/uploads\/2024\/07\/cropped-af_logo2.png\",\"contentUrl\":\"https:\/\/www.tvojeoci.cz\/wp-content\/uploads\/2024\/07\/cropped-af_logo2.png\",\"width\":500,\"height\":500,\"caption\":\"Tvoje o\u010di\"},\"image\":{\"@id\":\"https:\/\/www.tvojeoci.cz\/#\/schema\/logo\/image\/\"},\"sameAs\":[\"https:\/\/www.facebook.com\/MadebyAnt\/\"]}]}<\/script>\n<!-- \/ Yoast SEO plugin. -->","yoast_head_json":{"title":"Ko\u0161\u00edk - Tvoje o\u010di","robots":{"index":"index","follow":"follow","max-snippet":"max-snippet:-1","max-image-preview":"max-image-preview:large","max-video-preview":"max-video-preview:-1"},"canonical":"https:\/\/www.tvojeoci.cz\/?page_id=13","og_locale":"cs_CZ","og_type":"article","og_title":"Ko\u0161\u00edk - Tvoje o\u010di","og_url":"https:\/\/www.tvojeoci.cz\/?page_id=13","og_site_name":"Tvoje o\u010di","article_publisher":"https:\/\/www.facebook.com\/MadebyAnt\/","article_modified_time":"2024-07-27T09:54:45+00:00","twitter_card":"summary_large_image","schema":{"@context":"https:\/\/schema.org","@graph":[{"@type":"WebPage","@id":"https:\/\/www.tvojeoci.cz\/?page_id=13","url":"https:\/\/www.tvojeoci.cz\/?page_id=13","name":"Ko\u0161\u00edk - Tvoje o\u010di","isPartOf":{"@id":"https:\/\/www.tvojeoci.cz\/#website"},"datePublished":"2024-07-26T09:40:23+00:00","dateModified":"2024-07-27T09:54:45+00:00","breadcrumb":{"@id":"https:\/\/www.tvojeoci.cz\/?page_id=13#breadcrumb"},"inLanguage":"cs","potentialAction":[{"@type":"ReadAction","target":["https:\/\/www.tvojeoci.cz\/?page_id=13"]}]},{"@type":"BreadcrumbList","@id":"https:\/\/www.tvojeoci.cz\/?page_id=13#breadcrumb","itemListElement":[{"@type":"ListItem","position":1,"name":"Dom\u016f","item":"https:\/\/www.tvojeoci.cz\/"},{"@type":"ListItem","position":2,"name":"Ko\u0161\u00edk"}]},{"@type":"WebSite","@id":"https:\/\/www.tvojeoci.cz\/#website","url":"https:\/\/www.tvojeoci.cz\/","name":"Tvoje o\u010di","description":"Zaost\u0159eno na kr\u00e1su.","publisher":{"@id":"https:\/\/www.tvojeoci.cz\/#organization"},"potentialAction":[{"@type":"SearchAction","target":{"@type":"EntryPoint","urlTemplate":"https:\/\/www.tvojeoci.cz\/?s={search_term_string}"},"query-input":{"@type":"PropertyValueSpecification","valueRequired":true,"valueName":"search_term_string"}}],"inLanguage":"cs"},{"@type":"Organization","@id":"https:\/\/www.tvojeoci.cz\/#organization","name":"Tvoje o\u010di","url":"https:\/\/www.tvojeoci.cz\/","logo":{"@type":"ImageObject","inLanguage":"cs","@id":"https:\/\/www.tvojeoci.cz\/#\/schema\/logo\/image\/","url":"https:\/\/www.tvojeoci.cz\/wp-content\/uploads\/2024\/07\/cropped-af_logo2.png","contentUrl":"https:\/\/www.tvojeoci.cz\/wp-content\/uploads\/2024\/07\/cropped-af_logo2.png","width":500,"height":500,"caption":"Tvoje o\u010di"},"image":{"@id":"https:\/\/www.tvojeoci.cz\/#\/schema\/logo\/image\/"},"sameAs":["https:\/\/www.facebook.com\/MadebyAnt\/"]}]}},"jetpack_sharing_enabled":true,"_links":{"self":[{"href":"https:\/\/www.tvojeoci.cz\/index.php?rest_route=\/wp\/v2\/pages\/13","targetHints":{"allow":["GET"]}}],"collection":[{"href":"https:\/\/www.tvojeoci.cz\/index.php?rest_route=\/wp\/v2\/pages"}],"about":[{"href":"https:\/\/www.tvojeoci.cz\/index.php?rest_route=\/wp\/v2\/types\/page"}],"author":[{"embeddable":true,"href":"https:\/\/www.tvojeoci.cz\/index.php?rest_route=\/wp\/v2\/users\/1"}],"replies":[{"embeddable":true,"href":"https:\/\/www.tvojeoci.cz\/index.php?rest_route=%2Fwp%2Fv2%2Fcomments&post=13"}],"version-history":[{"count":1,"href":"https:\/\/www.tvojeoci.cz\/index.php?rest_route=\/wp\/v2\/pages\/13\/revisions"}],"predecessor-version":[{"id":124,"href":"https:\/\/www.tvojeoci.cz\/index.php?rest_route=\/wp\/v2\/pages\/13\/revisions\/124"}],"wp:attachment":[{"href":"https:\/\/www.tvojeoci.cz\/index.php?rest_route=%2Fwp%2Fv2%2Fmedia&parent=13"}],"curies":[{"name":"wp","href":"https:\/\/api.w.org\/{rel}","templated":true}]}}